{"id":5839,"date":"2021-12-06T17:51:04","date_gmt":"2021-12-06T16:51:04","guid":{"rendered":"https:\/\/www.hotel-savoy-meribel.com\/ete\/?page_id=5839"},"modified":"2025-07-04T12:21:28","modified_gmt":"2025-07-04T10:21:28","slug":"le-spa","status":"publish","type":"page","link":"https:\/\/www.hotel-savoy-meribel.com\/ete\/le-spa\/","title":{"rendered":"Le Spa"},"content":{"rendered":"\t\t<div data-elementor-type=\"wp-page\" data-elementor-id=\"5839\" class=\"elementor elementor-5839\">\n\t\t\t\t\t\t<section class=\"elementor-section elementor-top-section elementor-element elementor-element-e56a0cd elementor-section-boxed elementor-section-gap-beside-yes elementor-section-height-default elementor-section-height-default elementor-section-column-vertical-align-stretch\" data-id=\"e56a0cd\" data-element_type=\"section\">\n\t\t\t\t\t\t<div class=\"elementor-container elementor-column-gap-extended\">\n\t\t\t\t\t<div class=\"elementor-column elementor-col-100 elementor-top-column elementor-element elementor-element-0b4465f\" data-id=\"0b4465f\" data-element_type=\"column\">\n\t\t\t<div class=\"elementor-widget-wrap elementor-element-populated\">\n\t\t\t\t\t\t<div class=\"elementor-element elementor-element-c5bfb65 elementor-widget__width-initial elementor-invisible elementor-widget elementor-widget-text-editor\" data-id=\"c5bfb65\" data-element_type=\"widget\" data-settings=\"{&quot;_animation&quot;:&quot;nussFadeInUp&quot;}\" data-widget_type=\"text-editor.default\">\n\t\t\t\t<div class=\"elementor-widget-container\">\n\t\t\t<style>\/*! elementor - v3.21.0 - 22-05-2024 *\/\n.elementor-widget-text-editor.elementor-drop-cap-view-stacked .elementor-drop-cap{background-color:#69727d;color:#fff}.elementor-widget-text-editor.elementor-drop-cap-view-framed .elementor-drop-cap{color:#69727d;border:3px solid;background-color:transparent}.elementor-widget-text-editor:not(.elementor-drop-cap-view-default) .elementor-drop-cap{margin-top:8px}.elementor-widget-text-editor:not(.elementor-drop-cap-view-default) .elementor-drop-cap-letter{width:1em;height:1em}.elementor-widget-text-editor .elementor-drop-cap{float:left;text-align:center;line-height:1;font-size:50px}.elementor-widget-text-editor .elementor-drop-cap-letter{display:inline-block}<\/style>\t\t\t\tApr\u00e8s une intense journ\u00e9e en randonn\u00e9e ou \u00e0 d\u00e9ambuler dans la station, le visage au grand air, quoi de mieux que de s&rsquo;offrir un moment de d\u00e9tente ? Notre espace Spa en acc\u00e8s libre \u00e0 tous les clients de l&rsquo;h\u00f4tel, compos\u00e9 d&rsquo;un sauna finlandais associ\u00e9 \u00e0 un hammam, vous garantit revitalisation et relaxation.\t\t\t\t\t\t<\/div>\n\t\t\t\t<\/div>\n\t\t\t\t<section class=\"elementor-section elementor-inner-section elementor-element elementor-element-6d03128 elementor-section-boxed elementor-section-gap-beside-yes elementor-section-height-default elementor-section-height-default elementor-section-content-align-center elementor-section-column-vertical-align-stretch\" data-id=\"6d03128\" data-element_type=\"section\">\n\t\t\t\t\t\t<div class=\"elementor-container elementor-column-gap-extended\">\n\t\t\t\t\t<div class=\"elementor-column elementor-col-100 elementor-inner-column elementor-element elementor-element-9a10c46\" data-id=\"9a10c46\" data-element_type=\"column\">\n\t\t\t<div class=\"elementor-widget-wrap elementor-element-populated\">\n\t\t\t\t\t\t<div class=\"elementor-element elementor-element-a0c03ac elementor-widget elementor-widget-heading\" data-id=\"a0c03ac\" data-element_type=\"widget\" data-widget_type=\"heading.default\">\n\t\t\t\t<div class=\"elementor-widget-container\">\n\t\t\t<style>\/*! elementor - v3.21.0 - 22-05-2024 *\/\n.elementor-heading-title{padding:0;margin:0;line-height:1}.elementor-widget-heading .elementor-heading-title[class*=elementor-size-]>a{color:inherit;font-size:inherit;line-height:inherit}.elementor-widget-heading .elementor-heading-title.elementor-size-small{font-size:15px}.elementor-widget-heading .elementor-heading-title.elementor-size-medium{font-size:19px}.elementor-widget-heading .elementor-heading-title.elementor-size-large{font-size:29px}.elementor-widget-heading .elementor-heading-title.elementor-size-xl{font-size:39px}.elementor-widget-heading .elementor-heading-title.elementor-size-xxl{font-size:59px}<\/style><p class=\"elementor-heading-title elementor-size-default\">Sauna\/Hammam<\/p>\t\t<\/div>\n\t\t\t\t<\/div>\n\t\t\t\t<div class=\"elementor-element elementor-element-65fafb3 elementor-invisible elementor-widget elementor-widget-text-editor\" data-id=\"65fafb3\" data-element_type=\"widget\" data-settings=\"{&quot;_animation&quot;:&quot;nussFadeInUp&quot;}\" data-widget_type=\"text-editor.default\">\n\t\t\t\t<div class=\"elementor-widget-container\">\n\t\t\t\t\t\t\t<p>10h00 \u00e0 20h00<\/p>\t\t\t\t\t\t<\/div>\n\t\t\t\t<\/div>\n\t\t\t\t\t<\/div>\n\t\t<\/div>\n\t\t\t\t\t<\/div>\n\t\t<\/section>\n\t\t\t\t\t<\/div>\n\t\t<\/div>\n\t\t\t\t\t<\/div>\n\t\t<\/section>\n\t\t\t\t<section class=\"elementor-section elementor-top-section elementor-element elementor-element-4895224e elementor-section-boxed elementor-section-gap-beside-yes elementor-section-height-default elementor-section-height-default elementor-section-column-vertical-align-stretch\" data-id=\"4895224e\" data-element_type=\"section\">\n\t\t\t\t\t\t<div class=\"elementor-container elementor-column-gap-extended\">\n\t\t\t\t\t<div class=\"elementor-column elementor-col-100 elementor-top-column elementor-element elementor-element-490cb817\" data-id=\"490cb817\" data-element_type=\"column\">\n\t\t\t<div class=\"elementor-widget-wrap elementor-element-populated\">\n\t\t\t\t\t\t<div class=\"elementor-element elementor-element-aa575e9 elementor-align-center elementor-widget elementor-widget-button\" data-id=\"aa575e9\" data-element_type=\"widget\" data-widget_type=\"button.default\">\n\t\t\t\t<div class=\"elementor-widget-container\">\n\t\t\t\t\t<div class=\"elementor-button-wrapper\">\n\t\t\t<a class=\"elementor-button elementor-button-link elementor-size-sm\" href=\"https:\/\/www.hotel-savoy-meribel.com\/ete\/wp-content\/uploads\/sites\/2\/2025\/07\/savoy_spa_brochure_24_25-compresse.pdf\">\n\t\t\t\t\t\t<span class=\"elementor-button-content-wrapper\">\n\t\t\t\t\t\t\t\t\t<span class=\"elementor-button-text\">NOTRE BROCHURE SPA<\/span>\n\t\t\t\t\t<\/span>\n\t\t\t\t\t<\/a>\n\t\t<\/div>\n\t\t\t\t<\/div>\n\t\t\t\t<\/div>\n\t\t\t\t<div class=\"elementor-element elementor-element-12464d7 elementor-widget elementor-widget-spacer\" data-id=\"12464d7\" data-element_type=\"widget\" data-widget_type=\"spacer.default\">\n\t\t\t\t<div class=\"elementor-widget-container\">\n\t\t\t<style>\/*! elementor - v3.21.0 - 22-05-2024 *\/\n.elementor-column .elementor-spacer-inner{height:var(--spacer-size)}.e-con{--container-widget-width:100%}.e-con-inner>.elementor-widget-spacer,.e-con>.elementor-widget-spacer{width:var(--container-widget-width,var(--spacer-size));--align-self:var(--container-widget-align-self,initial);--flex-shrink:0}.e-con-inner>.elementor-widget-spacer>.elementor-widget-container,.e-con>.elementor-widget-spacer>.elementor-widget-container{height:100%;width:100%}.e-con-inner>.elementor-widget-spacer>.elementor-widget-container>.elementor-spacer,.e-con>.elementor-widget-spacer>.elementor-widget-container>.elementor-spacer{height:100%}.e-con-inner>.elementor-widget-spacer>.elementor-widget-container>.elementor-spacer>.elementor-spacer-inner,.e-con>.elementor-widget-spacer>.elementor-widget-container>.elementor-spacer>.elementor-spacer-inner{height:var(--container-widget-height,var(--spacer-size))}.e-con-inner>.elementor-widget-spacer.elementor-widget-empty,.e-con>.elementor-widget-spacer.elementor-widget-empty{position:relative;min-height:22px;min-width:22px}.e-con-inner>.elementor-widget-spacer.elementor-widget-empty .elementor-widget-empty-icon,.e-con>.elementor-widget-spacer.elementor-widget-empty .elementor-widget-empty-icon{position:absolute;top:0;bottom:0;left:0;right:0;margin:auto;padding:0;width:22px;height:22px}<\/style>\t\t<div class=\"elementor-spacer\">\n\t\t\t<div class=\"elementor-spacer-inner\"><\/div>\n\t\t<\/div>\n\t\t\t\t<\/div>\n\t\t\t\t<\/div>\n\t\t\t\t<div class=\"elementor-element elementor-element-2b24f4f2 bullets-v-align-below elementor-invisible nuss-elementor-loading nuss-slide-in-up elementor-widget elementor-widget-nuss-image-carousel\" data-id=\"2b24f4f2\" data-element_type=\"widget\" data-settings=\"{&quot;_animation&quot;:&quot;nussSlideInUp&quot;}\" data-widget_type=\"nuss-image-carousel.default\">\n\t\t\t\t<div class=\"elementor-widget-container\">\n\t\t\t\n\t\t<div  class=\"nuss-swiper nuss-slider-widget nav-style-03 pagination-style-01 bullets-horizontal bullets-h-align-center bullets-v-align-below\" data-lg-items=\"1\" data-lg-gutter=\"30\" data-nav=\"1\" data-nav-aligned-by=\"slider\" data-pagination-aligned-by=\"slider\" data-pagination=\"1\" data-loop=\"1\" data-simulate-touch=\"1\" data-speed=\"1000\" data-effect=\"slide\">\n\t\t\t<div class=\"swiper-inner\">\n\n\t\t\t\t\n\t\t\t\t<div class=\"swiper-container\">\n\t\t\t\t\t<div class=\"swiper-wrapper\">\n\t\t\t\t\t\t\t\t\t<div class=\"swiper-slide\">\n\t\t\t\t<div class=\"image\">\n\t\t\t\t\t<img decoding=\"async\"  src=\"https:\/\/www.hotel-savoy-meribel.com\/ete\/wp-content\/uploads\/sites\/2\/2022\/01\/le-spa.jpg\" alt=\"le-spa\" \/>\t\t\t\t<\/div>\n\t\t\t<\/div>\n\t\t\t\t\t\t<div class=\"swiper-slide\">\n\t\t\t\t<div class=\"image\">\n\t\t\t\t\t<img decoding=\"async\"  src=\"https:\/\/www.hotel-savoy-meribel.com\/ete\/wp-content\/uploads\/sites\/2\/2021\/12\/spa-photo-3.jpg\" alt=\"spa-photo-3\" \/>\t\t\t\t<\/div>\n\t\t\t<\/div>\n\t\t\t\t\t\t\t\t<\/div>\n\t\t\t\t<\/div>\n\n\t\t\t\t\n\t\t\t<\/div>\n\t\t<\/div>\n\t\t\t\t<\/div>\n\t\t\t\t<\/div>\n\t\t\t\t\t<\/div>\n\t\t<\/div>\n\t\t\t\t\t<\/div>\n\t\t<\/section>\n\t\t\t\t<section class=\"elementor-section elementor-top-section elementor-element elementor-element-8c4e693 elementor-section-stretched elementor-section-boxed elementor-section-gap-beside-yes elementor-section-height-default elementor-section-height-default elementor-section-column-vertical-align-stretch elementor-invisible nuss-elementor-loading nuss-slide-in-up\" data-id=\"8c4e693\" data-element_type=\"section\" data-settings=\"{&quot;stretch_section&quot;:&quot;section-stretched&quot;,&quot;background_background&quot;:&quot;video&quot;,&quot;animation&quot;:&quot;nussSlideInUp&quot;,&quot;background_video_link&quot;:&quot;https:\\\/\\\/savoy.kouprey.dev\\\/wp-content\\\/uploads\\\/2021\\\/12\\\/production-ID_3998266.mp4&quot;,&quot;background_play_on_mobile&quot;:&quot;yes&quot;}\">\n\t\t\t\t\t\t\t\t<div class=\"elementor-background-video-container\">\n\t\t\t\t\t\t\t\t\t\t\t\t\t<video class=\"elementor-background-video-hosted elementor-html5-video\" autoplay muted playsinline loop><\/video>\n\t\t\t\t\t\t\t\t\t\t\t<\/div>\n\t\t\t\t\t\t\t\t\t<div class=\"elementor-background-overlay\"><\/div>\n\t\t\t\t\t\t\t<div class=\"elementor-container elementor-column-gap-extended\">\n\t\t\t\t\t<div class=\"elementor-column elementor-col-100 elementor-top-column elementor-element elementor-element-e51636b\" data-id=\"e51636b\" data-element_type=\"column\">\n\t\t\t<div class=\"elementor-widget-wrap elementor-element-populated\">\n\t\t\t\t\t\t<div class=\"elementor-element elementor-element-d3a51b7 elementor-invisible elementor-widget elementor-widget-nuss-heading\" data-id=\"d3a51b7\" data-element_type=\"widget\" data-settings=\"{&quot;_animation&quot;:&quot;nussFadeInUp&quot;}\" data-widget_type=\"nuss-heading.default\">\n\t\t\t\t<div class=\"elementor-widget-container\">\n\t\t\t\t\t<div class=\"nuss-modern-heading\">\n\t\t\t\t\t<div class=\"heading-secondary-wrap\">\n\t\t\t<span class=\"heading-secondary elementor-heading-title\">Notre spa<\/span>\t\t<\/div>\n\t\t\n\t\t\t\t\t<div class=\"heading-primary-wrap\">\n\t\t\t<h3 class=\"heading-primary elementor-heading-title\">Au coeur de M\u00e9ribel,  <br \/>aux pieds des 3 Vall\u00e9es<\/h3>\t\t<\/div>\n\t\t\n\t\t\t\n\t\t\t\t\t<\/div>\n\t\t\t\t<\/div>\n\t\t\t\t<\/div>\n\t\t\t\t\t<\/div>\n\t\t<\/div>\n\t\t\t\t\t<\/div>\n\t\t<\/section>\n\t\t\t\t<section class=\"elementor-section elementor-top-section elementor-element elementor-element-8339aed elementor-hidden-desktop elementor-hidden-tablet elementor-hidden-mobile elementor-section-boxed elementor-section-gap-beside-yes elementor-section-height-default elementor-section-height-default elementor-section-column-vertical-align-stretch\" data-id=\"8339aed\" data-element_type=\"section\">\n\t\t\t\t\t\t<div class=\"elementor-container elementor-column-gap-extended\">\n\t\t\t\t\t<div class=\"elementor-column elementor-col-100 elementor-top-column elementor-element elementor-element-24d8af3\" data-id=\"24d8af3\" data-element_type=\"column\">\n\t\t\t<div class=\"elementor-widget-wrap elementor-element-populated\">\n\t\t\t\t\t\t<div class=\"elementor-element elementor-element-cd863cd elementor-invisible elementor-widget elementor-widget-heading\" data-id=\"cd863cd\" data-element_type=\"widget\" data-settings=\"{&quot;_animation&quot;:&quot;nussFadeInUp&quot;}\" data-widget_type=\"heading.default\">\n\t\t\t\t<div class=\"elementor-widget-container\">\n\t\t\t<h2 class=\"elementor-heading-title elementor-size-default\">Nos massages<\/h2>\t\t<\/div>\n\t\t\t\t<\/div>\n\t\t\t\t<div class=\"elementor-element elementor-element-23122dd elementor-invisible elementor-widget elementor-widget-text-editor\" data-id=\"23122dd\" data-element_type=\"widget\" data-settings=\"{&quot;_animation&quot;:&quot;nussFadeInUp&quot;}\" data-widget_type=\"text-editor.default\">\n\t\t\t\t<div class=\"elementor-widget-container\">\n\t\t\t\t\t\t\t<p>D\u00e9couvrez nos massages et r\u00e9servez votre moment d\u00e9tente<\/p>\t\t\t\t\t\t<\/div>\n\t\t\t\t<\/div>\n\t\t\t\t<section class=\"elementor-section elementor-inner-section elementor-element elementor-element-40ed5a4 elementor-section-boxed elementor-section-gap-beside-yes elementor-section-height-default elementor-section-height-default elementor-section-column-vertical-align-stretch\" data-id=\"40ed5a4\" data-element_type=\"section\">\n\t\t\t\t\t\t<div class=\"elementor-container elementor-column-gap-extended\">\n\t\t\t\t\t<div class=\"elementor-column elementor-col-100 elementor-inner-column elementor-element elementor-element-8c7af75\" data-id=\"8c7af75\" data-element_type=\"column\">\n\t\t\t<div class=\"elementor-widget-wrap elementor-element-populated\">\n\t\t\t\t\t\t<div class=\"elementor-element elementor-element-b3bd1e8 elementor-align-center elementor-invisible elementor-widget elementor-widget-button\" data-id=\"b3bd1e8\" data-element_type=\"widget\" data-settings=\"{&quot;_animation&quot;:&quot;nussFadeInUp&quot;}\" data-widget_type=\"button.default\">\n\t\t\t\t<div class=\"elementor-widget-container\">\n\t\t\t\t\t<div class=\"elementor-button-wrapper\">\n\t\t\t<a class=\"elementor-button elementor-button-link elementor-size-sm\" href=\"\/ete\/contact\/\" target=\"_blank\">\n\t\t\t\t\t\t<span class=\"elementor-button-content-wrapper\">\n\t\t\t\t\t\t<span class=\"elementor-button-icon elementor-align-icon-left\">\n\t\t\t\t<i aria-hidden=\"true\" class=\"far fa-calendar-alt\"><\/i>\t\t\t<\/span>\n\t\t\t\t\t\t\t\t\t<span class=\"elementor-button-text\">R\u00e9servez<\/span>\n\t\t\t\t\t<\/span>\n\t\t\t\t\t<\/a>\n\t\t<\/div>\n\t\t\t\t<\/div>\n\t\t\t\t<\/div>\n\t\t\t\t\t<\/div>\n\t\t<\/div>\n\t\t\t\t\t<\/div>\n\t\t<\/section>\n\t\t\t\t<section class=\"elementor-section elementor-inner-section elementor-element elementor-element-15cfb5e elementor-hidden-desktop elementor-hidden-tablet elementor-hidden-mobile elementor-section-boxed elementor-section-gap-beside-yes elementor-section-height-default elementor-section-height-default elementor-section-column-vertical-align-stretch\" data-id=\"15cfb5e\" data-element_type=\"section\">\n\t\t\t\t\t\t<div class=\"elementor-container elementor-column-gap-extended\">\n\t\t\t\t\t<div class=\"elementor-column elementor-col-50 elementor-inner-column elementor-element elementor-element-6234b5a elementor-hidden-desktop elementor-hidden-tablet elementor-hidden-mobile\" data-id=\"6234b5a\" data-element_type=\"column\">\n\t\t\t<div class=\"elementor-widget-wrap elementor-element-populated\">\n\t\t\t\t\t\t<div class=\"elementor-element elementor-element-cff1377 elementor-align-right elementor-invisible elementor-widget elementor-widget-button\" data-id=\"cff1377\" data-element_type=\"widget\" data-settings=\"{&quot;_animation&quot;:&quot;nussFadeInUp&quot;}\" data-widget_type=\"button.default\">\n\t\t\t\t<div class=\"elementor-widget-container\">\n\t\t\t\t\t<div class=\"elementor-button-wrapper\">\n\t\t\t<a class=\"elementor-button elementor-button-link elementor-size-sm\" href=\"https:\/\/savoy.kouprey.dev\/ete\/wp-content\/uploads\/2022\/01\/Carte-du-Spa-LE-SAVOY.pdf\" target=\"_blank\">\n\t\t\t\t\t\t<span class=\"elementor-button-content-wrapper\">\n\t\t\t\t\t\t\t\t\t<span class=\"elementor-button-text\">Notre brochure<\/span>\n\t\t\t\t\t<\/span>\n\t\t\t\t\t<\/a>\n\t\t<\/div>\n\t\t\t\t<\/div>\n\t\t\t\t<\/div>\n\t\t\t\t\t<\/div>\n\t\t<\/div>\n\t\t\t\t<div class=\"elementor-column elementor-col-50 elementor-inner-column elementor-element elementor-element-d28a3cf\" data-id=\"d28a3cf\" data-element_type=\"column\">\n\t\t\t<div class=\"elementor-widget-wrap elementor-element-populated\">\n\t\t\t\t\t\t<div class=\"elementor-element elementor-element-b5bb675 elementor-invisible elementor-widget elementor-widget-button\" data-id=\"b5bb675\" data-element_type=\"widget\" data-settings=\"{&quot;_animation&quot;:&quot;nussFadeInUp&quot;}\" data-widget_type=\"button.default\">\n\t\t\t\t<div class=\"elementor-widget-container\">\n\t\t\t\t\t<div class=\"elementor-button-wrapper\">\n\t\t\t<a class=\"elementor-button elementor-button-link elementor-size-sm\" href=\"\/ete\/contact\/\" target=\"_blank\">\n\t\t\t\t\t\t<span class=\"elementor-button-content-wrapper\">\n\t\t\t\t\t\t<span class=\"elementor-button-icon elementor-align-icon-left\">\n\t\t\t\t<i aria-hidden=\"true\" class=\"far fa-calendar-alt\"><\/i>\t\t\t<\/span>\n\t\t\t\t\t\t\t\t\t<span class=\"elementor-button-text\">R\u00e9server<\/span>\n\t\t\t\t\t<\/span>\n\t\t\t\t\t<\/a>\n\t\t<\/div>\n\t\t\t\t<\/div>\n\t\t\t\t<\/div>\n\t\t\t\t\t<\/div>\n\t\t<\/div>\n\t\t\t\t\t<\/div>\n\t\t<\/section>\n\t\t\t\t\t<\/div>\n\t\t<\/div>\n\t\t\t\t\t<\/div>\n\t\t<\/section>\n\t\t\t\t<\/div>\n\t\t","protected":false},"excerpt":{"rendered":"<p>Apr\u00e8s une intense journ\u00e9e en randonn\u00e9e ou \u00e0 d\u00e9ambuler dans la station, le visage au grand air, quoi de mieux que de s&rsquo;offrir un moment de d\u00e9tente ? Notre espace Spa en acc\u00e8s libre \u00e0 tous les clients de l&rsquo;h\u00f4tel, compos\u00e9 d&rsquo;un sauna finlandais associ\u00e9 \u00e0 un hammam, vous garantit revitalisation et relaxation. Sauna\/Hammam 10h00 [&hellip;]<\/p>\n","protected":false},"author":1,"featured_media":0,"parent":0,"menu_order":0,"comment_status":"closed","ping_status":"closed","template":"elementor_header_footer","meta":{"footnotes":""},"yoast_head":"<!-- This site is optimized with the Yoast SEO plugin v22.4 - https:\/\/yoast.com\/wordpress\/plugins\/seo\/ -->\n<title>Le Spa - Le Savoy, l&#039;\u00e9t\u00e9<\/title>\n<meta name=\"description\" content=\"Chaleur s\u00e8che et bains de vapeur en acc\u00e8s libre pour les clients de l&#039;h\u00f4tel, soins beaut\u00e9 Phytomer et massages, offrez-vous un moment d\u00e9tente bien m\u00e9rit\u00e9.\" \/>\n<meta name=\"robots\" content=\"index, follow, max-snippet:-1, max-image-preview:large, max-video-preview:-1\" \/>\n<link rel=\"canonical\" href=\"https:\/\/www.hotel-savoy-meribel.com\/ete\/le-spa\/\" \/>\n<meta property=\"og:locale\" content=\"fr_FR\" \/>\n<meta property=\"og:type\" content=\"article\" \/>\n<meta property=\"og:title\" content=\"Le Spa - Le Savoy, l&#039;\u00e9t\u00e9\" \/>\n<meta property=\"og:description\" content=\"Chaleur s\u00e8che et bains de vapeur en acc\u00e8s libre pour les clients de l&#039;h\u00f4tel, soins beaut\u00e9 Phytomer et massages, offrez-vous un moment d\u00e9tente bien m\u00e9rit\u00e9.\" \/>\n<meta property=\"og:url\" content=\"https:\/\/www.hotel-savoy-meribel.com\/ete\/le-spa\/\" \/>\n<meta property=\"og:site_name\" content=\"Le Savoy, l&#039;\u00e9t\u00e9\" \/>\n<meta property=\"article:modified_time\" content=\"2025-07-04T10:21:28+00:00\" \/>\n<meta property=\"og:image\" content=\"https:\/\/www.hotel-savoy-meribel.com\/ete\/wp-content\/uploads\/sites\/2\/2022\/01\/le-spa.jpg\" \/>\n<meta name=\"twitter:card\" content=\"summary_large_image\" \/>\n<meta name=\"twitter:label1\" content=\"Dur\u00e9e de lecture estim\u00e9e\" \/>\n\t<meta name=\"twitter:data1\" content=\"2 minutes\" \/>\n<script type=\"application\/ld+json\" class=\"yoast-schema-graph\">{\"@context\":\"https:\/\/schema.org\",\"@graph\":[{\"@type\":\"WebPage\",\"@id\":\"https:\/\/www.hotel-savoy-meribel.com\/ete\/le-spa\/\",\"url\":\"https:\/\/www.hotel-savoy-meribel.com\/ete\/le-spa\/\",\"name\":\"Le Spa - Le Savoy, l'\u00e9t\u00e9\",\"isPartOf\":{\"@id\":\"https:\/\/www.hotel-savoy-meribel.com\/ete\/#website\"},\"primaryImageOfPage\":{\"@id\":\"https:\/\/www.hotel-savoy-meribel.com\/ete\/le-spa\/#primaryimage\"},\"image\":{\"@id\":\"https:\/\/www.hotel-savoy-meribel.com\/ete\/le-spa\/#primaryimage\"},\"thumbnailUrl\":\"https:\/\/www.hotel-savoy-meribel.com\/ete\/wp-content\/uploads\/sites\/2\/2022\/01\/le-spa.jpg\",\"datePublished\":\"2021-12-06T16:51:04+00:00\",\"dateModified\":\"2025-07-04T10:21:28+00:00\",\"description\":\"Chaleur s\u00e8che et bains de vapeur en acc\u00e8s libre pour les clients de l'h\u00f4tel, soins beaut\u00e9 Phytomer et massages, offrez-vous un moment d\u00e9tente bien m\u00e9rit\u00e9.\",\"breadcrumb\":{\"@id\":\"https:\/\/www.hotel-savoy-meribel.com\/ete\/le-spa\/#breadcrumb\"},\"inLanguage\":\"fr-FR\",\"potentialAction\":[{\"@type\":\"ReadAction\",\"target\":[\"https:\/\/www.hotel-savoy-meribel.com\/ete\/le-spa\/\"]}]},{\"@type\":\"ImageObject\",\"inLanguage\":\"fr-FR\",\"@id\":\"https:\/\/www.hotel-savoy-meribel.com\/ete\/le-spa\/#primaryimage\",\"url\":\"https:\/\/www.hotel-savoy-meribel.com\/ete\/wp-content\/uploads\/sites\/2\/2022\/01\/le-spa.jpg\",\"contentUrl\":\"https:\/\/www.hotel-savoy-meribel.com\/ete\/wp-content\/uploads\/sites\/2\/2022\/01\/le-spa.jpg\",\"width\":1100,\"height\":733},{\"@type\":\"BreadcrumbList\",\"@id\":\"https:\/\/www.hotel-savoy-meribel.com\/ete\/le-spa\/#breadcrumb\",\"itemListElement\":[{\"@type\":\"ListItem\",\"position\":1,\"name\":\"Accueil\",\"item\":\"https:\/\/www.hotel-savoy-meribel.com\/ete\/\"},{\"@type\":\"ListItem\",\"position\":2,\"name\":\"Le Spa\"}]},{\"@type\":\"WebSite\",\"@id\":\"https:\/\/www.hotel-savoy-meribel.com\/ete\/#website\",\"url\":\"https:\/\/www.hotel-savoy-meribel.com\/ete\/\",\"name\":\"Le Savoy, l'\u00e9t\u00e9\",\"description\":\"\",\"potentialAction\":[{\"@type\":\"SearchAction\",\"target\":{\"@type\":\"EntryPoint\",\"urlTemplate\":\"https:\/\/www.hotel-savoy-meribel.com\/ete\/?s={search_term_string}\"},\"query-input\":\"required name=search_term_string\"}],\"inLanguage\":\"fr-FR\"}]}<\/script>\n<!-- \/ Yoast SEO plugin. -->","yoast_head_json":{"title":"Le Spa - Le Savoy, l'\u00e9t\u00e9","description":"Chaleur s\u00e8che et bains de vapeur en acc\u00e8s libre pour les clients de l'h\u00f4tel, soins beaut\u00e9 Phytomer et massages, offrez-vous un moment d\u00e9tente bien m\u00e9rit\u00e9.","robots":{"index":"index","follow":"follow","max-snippet":"max-snippet:-1","max-image-preview":"max-image-preview:large","max-video-preview":"max-video-preview:-1"},"canonical":"https:\/\/www.hotel-savoy-meribel.com\/ete\/le-spa\/","og_locale":"fr_FR","og_type":"article","og_title":"Le Spa - Le Savoy, l'\u00e9t\u00e9","og_description":"Chaleur s\u00e8che et bains de vapeur en acc\u00e8s libre pour les clients de l'h\u00f4tel, soins beaut\u00e9 Phytomer et massages, offrez-vous un moment d\u00e9tente bien m\u00e9rit\u00e9.","og_url":"https:\/\/www.hotel-savoy-meribel.com\/ete\/le-spa\/","og_site_name":"Le Savoy, l'\u00e9t\u00e9","article_modified_time":"2025-07-04T10:21:28+00:00","og_image":[{"url":"https:\/\/www.hotel-savoy-meribel.com\/ete\/wp-content\/uploads\/sites\/2\/2022\/01\/le-spa.jpg"}],"twitter_card":"summary_large_image","twitter_misc":{"Dur\u00e9e de lecture estim\u00e9e":"2 minutes"},"schema":{"@context":"https:\/\/schema.org","@graph":[{"@type":"WebPage","@id":"https:\/\/www.hotel-savoy-meribel.com\/ete\/le-spa\/","url":"https:\/\/www.hotel-savoy-meribel.com\/ete\/le-spa\/","name":"Le Spa - Le Savoy, l'\u00e9t\u00e9","isPartOf":{"@id":"https:\/\/www.hotel-savoy-meribel.com\/ete\/#website"},"primaryImageOfPage":{"@id":"https:\/\/www.hotel-savoy-meribel.com\/ete\/le-spa\/#primaryimage"},"image":{"@id":"https:\/\/www.hotel-savoy-meribel.com\/ete\/le-spa\/#primaryimage"},"thumbnailUrl":"https:\/\/www.hotel-savoy-meribel.com\/ete\/wp-content\/uploads\/sites\/2\/2022\/01\/le-spa.jpg","datePublished":"2021-12-06T16:51:04+00:00","dateModified":"2025-07-04T10:21:28+00:00","description":"Chaleur s\u00e8che et bains de vapeur en acc\u00e8s libre pour les clients de l'h\u00f4tel, soins beaut\u00e9 Phytomer et massages, offrez-vous un moment d\u00e9tente bien m\u00e9rit\u00e9.","breadcrumb":{"@id":"https:\/\/www.hotel-savoy-meribel.com\/ete\/le-spa\/#breadcrumb"},"inLanguage":"fr-FR","potentialAction":[{"@type":"ReadAction","target":["https:\/\/www.hotel-savoy-meribel.com\/ete\/le-spa\/"]}]},{"@type":"ImageObject","inLanguage":"fr-FR","@id":"https:\/\/www.hotel-savoy-meribel.com\/ete\/le-spa\/#primaryimage","url":"https:\/\/www.hotel-savoy-meribel.com\/ete\/wp-content\/uploads\/sites\/2\/2022\/01\/le-spa.jpg","contentUrl":"https:\/\/www.hotel-savoy-meribel.com\/ete\/wp-content\/uploads\/sites\/2\/2022\/01\/le-spa.jpg","width":1100,"height":733},{"@type":"BreadcrumbList","@id":"https:\/\/www.hotel-savoy-meribel.com\/ete\/le-spa\/#breadcrumb","itemListElement":[{"@type":"ListItem","position":1,"name":"Accueil","item":"https:\/\/www.hotel-savoy-meribel.com\/ete\/"},{"@type":"ListItem","position":2,"name":"Le Spa"}]},{"@type":"WebSite","@id":"https:\/\/www.hotel-savoy-meribel.com\/ete\/#website","url":"https:\/\/www.hotel-savoy-meribel.com\/ete\/","name":"Le Savoy, l'\u00e9t\u00e9","description":"","potentialAction":[{"@type":"SearchAction","target":{"@type":"EntryPoint","urlTemplate":"https:\/\/www.hotel-savoy-meribel.com\/ete\/?s={search_term_string}"},"query-input":"required name=search_term_string"}],"inLanguage":"fr-FR"}]}},"_links":{"self":[{"href":"https:\/\/www.hotel-savoy-meribel.com\/ete\/wp-json\/wp\/v2\/pages\/5839"}],"collection":[{"href":"https:\/\/www.hotel-savoy-meribel.com\/ete\/wp-json\/wp\/v2\/pages"}],"about":[{"href":"https:\/\/www.hotel-savoy-meribel.com\/ete\/wp-json\/wp\/v2\/types\/page"}],"author":[{"embeddable":true,"href":"https:\/\/www.hotel-savoy-meribel.com\/ete\/wp-json\/wp\/v2\/users\/1"}],"replies":[{"embeddable":true,"href":"https:\/\/www.hotel-savoy-meribel.com\/ete\/wp-json\/wp\/v2\/comments?post=5839"}],"version-history":[{"count":119,"href":"https:\/\/www.hotel-savoy-meribel.com\/ete\/wp-json\/wp\/v2\/pages\/5839\/revisions"}],"predecessor-version":[{"id":7315,"href":"https:\/\/www.hotel-savoy-meribel.com\/ete\/wp-json\/wp\/v2\/pages\/5839\/revisions\/7315"}],"wp:attachment":[{"href":"https:\/\/www.hotel-savoy-meribel.com\/ete\/wp-json\/wp\/v2\/media?parent=5839"}],"curies":[{"name":"wp","href":"https:\/\/api.w.org\/{rel}","templated":true}]}}